{"id":291,"date":"2025-11-04T16:07:57","date_gmt":"2025-11-04T16:07:57","guid":{"rendered":"https:\/\/legisam.com\/?page_id=291"},"modified":"2025-11-06T11:04:23","modified_gmt":"2025-11-06T11:04:23","slug":"limpieza-de-depositos","status":"publish","type":"page","link":"https:\/\/legisam.com\/?page_id=291","title":{"rendered":"Limpieza de dep\u00f3sitos"},"content":{"rendered":"\t\t<div data-elementor-type=\"wp-page\" data-elementor-id=\"291\" class=\"elementor elementor-291\" data-elementor-post-type=\"page\">\n\t\t\t\t<div class=\"elementor-element elementor-element-07dff1f e-con-full e-flex e-con e-parent\" data-id=\"07dff1f\" data-element_type=\"container\">\n\t\t\t\t<div class=\"elementor-element elementor-element-bf8c50a elementor-widget elementor-widget-image\" data-id=\"bf8c50a\" data-element_type=\"widget\" data-widget_type=\"image.default\">\n\t\t\t\t<div class=\"elementor-widget-container\">\n\t\t\t\t\t\t\t\t\t\t\t\t\t\t\t<img fetchpriority=\"high\" decoding=\"async\" width=\"1200\" height=\"678\" src=\"https:\/\/legisam.com\/wp-content\/uploads\/2025\/11\/baner-limpieza-de-depositos.jpg\" class=\"attachment-full size-full wp-image-293\" alt=\"\" srcset=\"https:\/\/legisam.com\/wp-content\/uploads\/2025\/11\/baner-limpieza-de-depositos.jpg 1200w, https:\/\/legisam.com\/wp-content\/uploads\/2025\/11\/baner-limpieza-de-depositos-300x170.jpg 300w, https:\/\/legisam.com\/wp-content\/uploads\/2025\/11\/baner-limpieza-de-depositos-1024x579.jpg 1024w, https:\/\/legisam.com\/wp-content\/uploads\/2025\/11\/baner-limpieza-de-depositos-768x434.jpg 768w, https:\/\/legisam.com\/wp-content\/uploads\/2025\/11\/baner-limpieza-de-depositos-1000x565.jpg 1000w, https:\/\/legisam.com\/wp-content\/uploads\/2025\/11\/baner-limpieza-de-depositos-230x130.jpg 230w, https:\/\/legisam.com\/wp-content\/uploads\/2025\/11\/baner-limpieza-de-depositos-350x198.jpg 350w, https:\/\/legisam.com\/wp-content\/uploads\/2025\/11\/baner-limpieza-de-depositos-480x271.jpg 480w\" sizes=\"(max-width: 1200px) 100vw, 1200px\" \/>\t\t\t\t\t\t\t\t\t\t\t\t\t\t\t<\/div>\n\t\t\t\t<\/div>\n\t\t<div class=\"elementor-element elementor-element-e241852 e-flex e-con-boxed e-con e-child\" data-id=\"e241852\" data-element_type=\"container\">\n\t\t\t\t\t<div class=\"e-con-inner\">\n\t\t\t\t<div class=\"elementor-element elementor-element-9c13505 elementor-widget elementor-widget-heading\" data-id=\"9c13505\" data-element_type=\"widget\" data-widget_type=\"heading.default\">\n\t\t\t\t<div class=\"elementor-widget-container\">\n\t\t\t\t\t<h4 class=\"elementor-heading-title elementor-size-default\">LIMPIEZA DE DEP\u00d3SITOS<\/h4>\t\t\t\t<\/div>\n\t\t\t\t<\/div>\n\t\t\t\t\t<\/div>\n\t\t\t\t<\/div>\n\t\t\t\t<\/div>\n\t\t<div class=\"elementor-element elementor-element-66f6939 e-flex e-con-boxed e-con e-parent\" data-id=\"66f6939\" data-element_type=\"container\">\n\t\t\t\t\t<div class=\"e-con-inner\">\n\t\t\t\t<div class=\"elementor-element elementor-element-1ef11ce elementor-widget elementor-widget-text-editor\" data-id=\"1ef11ce\" data-element_type=\"widget\" data-widget_type=\"text-editor.default\">\n\t\t\t\t<div class=\"elementor-widget-container\">\n\t\t\t\t\t\t\t\t\t<p>En <b>LEGISAM<\/b> realizamos la limpieza y desinfecci\u00f3n de dep\u00f3sitos y aljibes de agua sanitaria, una actuaci\u00f3n fundamental para garantizar la <b>calidad del agua<\/b> y prevenir la proliferaci\u00f3n de microorganismos, especialmente <i>Legionella spp.<\/i><i><\/i><\/p><p>Nuestros t\u00e9cnicos especializados llevan a cabo los trabajos conforme a lo establecido en el <b>Real Decreto 487\/2022<\/b>, utilizando productos y procedimientos homologados que aseguran una eliminaci\u00f3n eficaz de sedimentos, incrustaciones y biopel\u00edculas.<\/p><p>Adem\u00e1s, tras cada intervenci\u00f3n emitimos un <b>informe t\u00e9cnico completo<\/b>, con registro fotogr\u00e1fico y par\u00e1metros de control, que acredita el correcto mantenimiento de las instalaciones ante inspecciones sanitarias.<\/p><p>Conf\u00ede en LEGISAM para mantener sus sistemas de almacenamiento de agua en <b>condiciones higi\u00e9nico-sanitarias \u00f3ptimas<\/b>, minimizando riesgos y garantizando el cumplimiento de la normativa vigente.<\/p>\t\t\t\t\t\t\t\t<\/div>\n\t\t\t\t<\/div>\n\t\t\t\t\t<\/div>\n\t\t\t\t<\/div>\n\t\t<div class=\"elementor-element elementor-element-19d368f e-flex e-con-boxed e-con e-parent\" data-id=\"19d368f\" data-element_type=\"container\">\n\t\t\t\t\t<div class=\"e-con-inner\">\n\t\t\t\t<div class=\"elementor-element elementor-element-4fda266 elementor-widget elementor-widget-button\" data-id=\"4fda266\" data-element_type=\"widget\" data-widget_type=\"button.default\">\n\t\t\t\t<div class=\"elementor-widget-container\">\n\t\t\t\t\t\t\t\t\t<div class=\"elementor-button-wrapper\">\n\t\t\t\t\t<a class=\"elementor-button elementor-button-link elementor-size-sm\" href=\"https:\/\/legisam.com\/?page_id=131\">\n\t\t\t\t\t\t<span class=\"elementor-button-content-wrapper\">\n\t\t\t\t\t\t\t\t\t<span class=\"elementor-button-text\">SOLICITE INFORMACI\u00d3N<\/span>\n\t\t\t\t\t<\/span>\n\t\t\t\t\t<\/a>\n\t\t\t\t<\/div>\n\t\t\t\t\t\t\t\t<\/div>\n\t\t\t\t<\/div>\n\t\t\t\t\t<\/div>\n\t\t\t\t<\/div>\n\t\t\t\t<\/div>\n\t\t","protected":false},"excerpt":{"rendered":"<p>LIMPIEZA DE DEP\u00d3SITOS En LEGISAM realizamos la limpieza y desinfecci\u00f3n de dep\u00f3sitos y aljibes de agua sanitaria, una actuaci\u00f3n fundamental para garantizar [&hellip;]<\/p>\n","protected":false},"author":1,"featured_media":272,"parent":0,"menu_order":0,"comment_status":"closed","ping_status":"closed","template":"elementor_header_footer","meta":{"footnotes":""},"class_list":["post-291","page","type-page","status-publish","has-post-thumbnail","hentry"],"_links":{"self":[{"href":"https:\/\/legisam.com\/index.php?rest_route=\/wp\/v2\/pages\/291","targetHints":{"allow":["GET"]}}],"collection":[{"href":"https:\/\/legisam.com\/index.php?rest_route=\/wp\/v2\/pages"}],"about":[{"href":"https:\/\/legisam.com\/index.php?rest_route=\/wp\/v2\/types\/page"}],"author":[{"embeddable":true,"href":"https:\/\/legisam.com\/index.php?rest_route=\/wp\/v2\/users\/1"}],"replies":[{"embeddable":true,"href":"https:\/\/legisam.com\/index.php?rest_route=%2Fwp%2Fv2%2Fcomments&post=291"}],"version-history":[{"count":7,"href":"https:\/\/legisam.com\/index.php?rest_route=\/wp\/v2\/pages\/291\/revisions"}],"predecessor-version":[{"id":320,"href":"https:\/\/legisam.com\/index.php?rest_route=\/wp\/v2\/pages\/291\/revisions\/320"}],"wp:featuredmedia":[{"embeddable":true,"href":"https:\/\/legisam.com\/index.php?rest_route=\/wp\/v2\/media\/272"}],"wp:attachment":[{"href":"https:\/\/legisam.com\/index.php?rest_route=%2Fwp%2Fv2%2Fmedia&parent=291"}],"curies":[{"name":"wp","href":"https:\/\/api.w.org\/{rel}","templated":true}]}}