{"id":54,"date":"2025-03-06T18:46:44","date_gmt":"2025-03-06T18:46:44","guid":{"rendered":"https:\/\/legisam.com\/?page_id=54"},"modified":"2025-11-06T12:36:29","modified_gmt":"2025-11-06T12:36:29","slug":"quienes-somos","status":"publish","type":"page","link":"https:\/\/legisam.com\/?page_id=54","title":{"rendered":"Qui\u00e9nes somos"},"content":{"rendered":"\t\t<div data-elementor-type=\"wp-page\" data-elementor-id=\"54\" class=\"elementor elementor-54\" data-elementor-post-type=\"page\">\n\t\t\t\t<div class=\"elementor-element elementor-element-07dff1f e-con-full e-flex e-con e-parent\" data-id=\"07dff1f\" data-element_type=\"container\">\n\t\t\t\t<div class=\"elementor-element elementor-element-bf8c50a elementor-widget elementor-widget-image\" data-id=\"bf8c50a\" data-element_type=\"widget\" data-widget_type=\"image.default\">\n\t\t\t\t<div class=\"elementor-widget-container\">\n\t\t\t\t\t\t\t\t\t\t\t\t\t\t\t<img fetchpriority=\"high\" decoding=\"async\" width=\"1200\" height=\"678\" src=\"https:\/\/legisam.com\/wp-content\/uploads\/2025\/03\/baner-quienes-somos.jpg\" class=\"attachment-full size-full wp-image-56\" alt=\"\" srcset=\"https:\/\/legisam.com\/wp-content\/uploads\/2025\/03\/baner-quienes-somos.jpg 1200w, https:\/\/legisam.com\/wp-content\/uploads\/2025\/03\/baner-quienes-somos-300x170.jpg 300w, https:\/\/legisam.com\/wp-content\/uploads\/2025\/03\/baner-quienes-somos-1024x579.jpg 1024w, https:\/\/legisam.com\/wp-content\/uploads\/2025\/03\/baner-quienes-somos-768x434.jpg 768w, https:\/\/legisam.com\/wp-content\/uploads\/2025\/03\/baner-quienes-somos-1000x565.jpg 1000w, https:\/\/legisam.com\/wp-content\/uploads\/2025\/03\/baner-quienes-somos-230x130.jpg 230w, https:\/\/legisam.com\/wp-content\/uploads\/2025\/03\/baner-quienes-somos-350x198.jpg 350w, https:\/\/legisam.com\/wp-content\/uploads\/2025\/03\/baner-quienes-somos-480x271.jpg 480w\" sizes=\"(max-width: 1200px) 100vw, 1200px\" \/>\t\t\t\t\t\t\t\t\t\t\t\t\t\t\t<\/div>\n\t\t\t\t<\/div>\n\t\t<div class=\"elementor-element elementor-element-e241852 e-flex e-con-boxed e-con e-child\" data-id=\"e241852\" data-element_type=\"container\">\n\t\t\t\t\t<div class=\"e-con-inner\">\n\t\t\t\t<div class=\"elementor-element elementor-element-9c13505 elementor-widget elementor-widget-heading\" data-id=\"9c13505\" data-element_type=\"widget\" data-widget_type=\"heading.default\">\n\t\t\t\t<div class=\"elementor-widget-container\">\n\t\t\t\t\t<h4 class=\"elementor-heading-title elementor-size-default\">QUI\u00c9NES SOMOS<\/h4>\t\t\t\t<\/div>\n\t\t\t\t<\/div>\n\t\t\t\t\t<\/div>\n\t\t\t\t<\/div>\n\t\t\t\t<\/div>\n\t\t<div class=\"elementor-element elementor-element-66f6939 e-flex e-con-boxed e-con e-parent\" data-id=\"66f6939\" data-element_type=\"container\">\n\t\t\t\t\t<div class=\"e-con-inner\">\n\t\t\t\t<div class=\"elementor-element elementor-element-1ef11ce elementor-widget elementor-widget-text-editor\" data-id=\"1ef11ce\" data-element_type=\"widget\" data-widget_type=\"text-editor.default\">\n\t\t\t\t<div class=\"elementor-widget-container\">\n\t\t\t\t\t\t\t\t\t<p><b>LEGISAM<\/b> nace con una misi\u00f3n clara: ser una empresa de referencia en la prevenci\u00f3n y control de <i>Legionella<\/i>, apostando por la especializaci\u00f3n como garant\u00eda de calidad y seguridad. Creemos firmemente en el principio de \u201c<i>zapatero a tus zapatos<\/i>\u201d, y por eso hemos centrado todos nuestros esfuerzos en dominar un \u00fanico \u00e1mbito: el de la sanidad ambiental aplicada a sistemas de agua.<\/p><p>Desde nuestros inicios, trabajamos con el objetivo de proteger la salud p\u00fablica y asegurar que las instalaciones de nuestros clientes \u2014ya sean comunidades, empresas, centros sanitarios, instalaciones deportivas o espacios p\u00fablicos\u2014 cumplan con los m\u00e1s altos est\u00e1ndares legales y t\u00e9cnicos, conforme al Real Decreto 487\/2022 y a las recomendaciones del Ministerio de Sanidad.<\/p><p>Contamos con un equipo t\u00e9cnico altamente cualificado, especializado en desarrollar e implementar planes personalizados de tratamiento, limpieza, desinfecci\u00f3n y mantenimiento, siempre adaptados a las caracter\u00edsticas espec\u00edficas de cada instalaci\u00f3n. Nuestros protocolos de actuaci\u00f3n est\u00e1n alineados con la normativa vigente, y garantizan tanto el cumplimiento legal, como la tranquilidad de nuestros clientes.<\/p><p>En LEGISAM no solo tratamos instalaciones, tratamos la confianza que nuestros clientes depositan en nosotros. Y eso, lo cuidamos cada d\u00eda.<\/p>\t\t\t\t\t\t\t\t<\/div>\n\t\t\t\t<\/div>\n\t\t\t\t\t<\/div>\n\t\t\t\t<\/div>\n\t\t<div class=\"elementor-element elementor-element-1ce6567 e-flex e-con-boxed e-con e-parent\" data-id=\"1ce6567\" data-element_type=\"container\">\n\t\t\t\t\t<div class=\"e-con-inner\">\n\t\t<div class=\"elementor-element elementor-element-614f86e e-con-full e-flex e-con e-child\" data-id=\"614f86e\" data-element_type=\"container\">\n\t\t\t\t<div class=\"elementor-element elementor-element-9154d2c elementor-widget elementor-widget-text-editor\" data-id=\"9154d2c\" data-element_type=\"widget\" data-widget_type=\"text-editor.default\">\n\t\t\t\t<div class=\"elementor-widget-container\">\n\t\t\t\t\t\t\t\t\t<h5><b>NUESTROS VALORES<\/b><\/h5><p><b>Especializaci\u00f3n: <\/b>nos dedicamos exclusivamente a la <i>Legionella<\/i> para ofrecer un conocimiento profundo y actualizado.<\/p><p><b>Compromiso con los clientes<\/b>: actuamos con seriedad, responsabilidad y m\u00e1xima transparencia.<\/p>\t\t\t\t\t\t\t\t<\/div>\n\t\t\t\t<\/div>\n\t\t\t\t<\/div>\n\t\t<div class=\"elementor-element elementor-element-87e14c9 e-con-full e-flex e-con e-child\" data-id=\"87e14c9\" data-element_type=\"container\">\n\t\t\t\t<div class=\"elementor-element elementor-element-90dbd3d elementor-widget elementor-widget-image\" data-id=\"90dbd3d\" data-element_type=\"widget\" data-widget_type=\"image.default\">\n\t\t\t\t<div class=\"elementor-widget-container\">\n\t\t\t\t\t\t\t\t\t\t\t\t\t\t\t<img decoding=\"async\" width=\"911\" height=\"813\" src=\"https:\/\/legisam.com\/wp-content\/uploads\/2025\/03\/nuestra-filosofia.jpg\" class=\"attachment-large size-large wp-image-59\" alt=\"\" srcset=\"https:\/\/legisam.com\/wp-content\/uploads\/2025\/03\/nuestra-filosofia.jpg 911w, https:\/\/legisam.com\/wp-content\/uploads\/2025\/03\/nuestra-filosofia-300x268.jpg 300w, https:\/\/legisam.com\/wp-content\/uploads\/2025\/03\/nuestra-filosofia-768x685.jpg 768w, https:\/\/legisam.com\/wp-content\/uploads\/2025\/03\/nuestra-filosofia-230x205.jpg 230w, https:\/\/legisam.com\/wp-content\/uploads\/2025\/03\/nuestra-filosofia-350x312.jpg 350w, https:\/\/legisam.com\/wp-content\/uploads\/2025\/03\/nuestra-filosofia-480x428.jpg 480w\" sizes=\"(max-width: 911px) 100vw, 911px\" \/>\t\t\t\t\t\t\t\t\t\t\t\t\t\t\t<\/div>\n\t\t\t\t<\/div>\n\t\t\t\t<\/div>\n\t\t\t\t\t<\/div>\n\t\t\t\t<\/div>\n\t\t\t\t<\/div>\n\t\t","protected":false},"excerpt":{"rendered":"<p>QUI\u00c9NES SOMOS LEGISAM nace con una misi\u00f3n clara: ser una empresa de referencia en la prevenci\u00f3n y control de Legionella, apostando por [&hellip;]<\/p>\n","protected":false},"author":1,"featured_media":0,"parent":0,"menu_order":0,"comment_status":"closed","ping_status":"closed","template":"elementor_header_footer","meta":{"footnotes":""},"class_list":["post-54","page","type-page","status-publish","hentry"],"_links":{"self":[{"href":"https:\/\/legisam.com\/index.php?rest_route=\/wp\/v2\/pages\/54","targetHints":{"allow":["GET"]}}],"collection":[{"href":"https:\/\/legisam.com\/index.php?rest_route=\/wp\/v2\/pages"}],"about":[{"href":"https:\/\/legisam.com\/index.php?rest_route=\/wp\/v2\/types\/page"}],"author":[{"embeddable":true,"href":"https:\/\/legisam.com\/index.php?rest_route=\/wp\/v2\/users\/1"}],"replies":[{"embeddable":true,"href":"https:\/\/legisam.com\/index.php?rest_route=%2Fwp%2Fv2%2Fcomments&post=54"}],"version-history":[{"count":13,"href":"https:\/\/legisam.com\/index.php?rest_route=\/wp\/v2\/pages\/54\/revisions"}],"predecessor-version":[{"id":323,"href":"https:\/\/legisam.com\/index.php?rest_route=\/wp\/v2\/pages\/54\/revisions\/323"}],"wp:attachment":[{"href":"https:\/\/legisam.com\/index.php?rest_route=%2Fwp%2Fv2%2Fmedia&parent=54"}],"curies":[{"name":"wp","href":"https:\/\/api.w.org\/{rel}","templated":true}]}}